{"id":107,"date":"2018-12-05T17:47:54","date_gmt":"2018-12-05T16:47:54","guid":{"rendered":"https:\/\/manumana.de\/?page_id=107"},"modified":"2025-04-29T17:23:08","modified_gmt":"2025-04-29T15:23:08","slug":"lanai-massage","status":"publish","type":"page","link":"https:\/\/manumana.de\/index.php\/lanai-massage\/","title":{"rendered":"Lanai &#8211; Mobile Massagen"},"content":{"rendered":"<p><strong>Private &#8222;Massage-Party&#8220;<\/strong><\/p>\n<p><span style=\"color: #808080;\">Ab 3 Personen im gleichen Haushalt (&#8222;Massage-Party&#8220;) entf\u00e4llt der Anfahrtspreis. Bei 5 Personen erh\u00e4lst du als &#8222;Organisator&#8220; 50 %) Dieses Angebot kann auch individuell abgestimmt werden (Massagezeit\/Massageart)<\/span><\/p>\n<p><span style=\"color: #808080;\"><em>Die Kosten betragen pro Massage 90 \u20ac pro Stunde (30 \u20ac\/20 Min.), plus 10 Euro Anfahrt,\u00a0 f\u00fcr Ruhe und Entspannung daheim bei dir zuhause<\/em><\/span><\/p>\n<p><img decoding=\"async\" width=\"5066\" height=\"3377\" class=\"alignnone size-full wp-image-1222 lazyload\" data-src=\"https:\/\/manumana.de\/wp-content\/uploads\/2019\/10\/IMG_7177-20190622-20190622.jpg\" alt=\"\" data-srcset=\"https:\/\/manumana.de\/wp-content\/uploads\/2019\/10\/IMG_7177-20190622-20190622.jpg 5066w, https:\/\/manumana.de\/wp-content\/uploads\/2019\/10\/IMG_7177-20190622-20190622-300x200.jpg 300w, https:\/\/manumana.de\/wp-content\/uploads\/2019\/10\/IMG_7177-20190622-20190622-768x512.jpg 768w, https:\/\/manumana.de\/wp-content\/uploads\/2019\/10\/IMG_7177-20190622-20190622-1024x683.jpg 1024w, https:\/\/manumana.de\/wp-content\/uploads\/2019\/10\/IMG_7177-20190622-20190622-1800x1200.jpg 1800w, https:\/\/manumana.de\/wp-content\/uploads\/2019\/10\/IMG_7177-20190622-20190622-960x640.jpg 960w, https:\/\/manumana.de\/wp-content\/uploads\/2019\/10\/IMG_7177-20190622-20190622-1320x880.jpg 1320w\" data-sizes=\"(max-width: 5066px) 100vw, 5066px\" src=\"data:image\/svg+xml;base64,PHN2ZyB3aWR0aD0iMSIgaGVpZ2h0PSIxIiB4bWxucz0iaHR0cDovL3d3dy53My5vcmcvMjAwMC9zdmciPjwvc3ZnPg==\" style=\"--smush-placeholder-width: 5066px; --smush-placeholder-aspect-ratio: 5066\/3377;\" \/><\/p>\n<p>&nbsp;<\/p>\n<p><strong>Ich komme an Ihren Arbeitsplatz:<\/strong><\/p>\n<p>Unser Arbeitsplatz ist der Ort, an dem wir die meiste Zeit unseres Lebens verbringen. Stress und Termindruck sind die Schlagworte des heutigen Berufsalltags, \u00dcberbelastung und krankheitsbedingte Ausf\u00e4lle die Folge. Das mobile Angebot zielt darauf ab, Anspannungen zu beseitigen, die Leistungsf\u00e4higkeit zu steigern, Konzentration und Effektivit\u00e4t zu erh\u00f6hen. Mein Ziel ist es, auch am Arbeitsplatz entspannt zu sein.<\/p>\n<p><b>Vorraussetzung<\/b><\/p>\n<p>Sie haben einen Raum, in dem ich meinen Massagetisch aufbauen kann<\/p>\n","protected":false},"excerpt":{"rendered":"<p>Private &#8222;Massage-Party&#8220; Ab 3 Personen im gleichen Haushalt (&#8222;Massage-Party&#8220;) entf\u00e4llt der Anfahrtspreis. Bei 5 Personen erh\u00e4lst du als &#8222;Organisator&#8220; 50 %) Dieses Angebot kann auch individuell abgestimmt werden (Massagezeit\/Massageart) Die Kosten betragen pro Massage 90 \u20ac pro Stunde&#8230; <a class=\"read-more\" href=\"https:\/\/manumana.de\/index.php\/lanai-massage\/\">Weiterlesen<\/a><\/p>\n","protected":false},"author":2,"featured_media":0,"parent":0,"menu_order":0,"comment_status":"closed","ping_status":"closed","template":"","meta":{"footnotes":""},"class_list":["post-107","page","type-page","status-publish","hentry"],"yoast_head":"<!-- This site is optimized with the Yoast SEO plugin v27.4 - https:\/\/yoast.com\/product\/yoast-seo-wordpress\/ -->\n<title>Lanai - Mobile Massagen &#8211; ManuMana | time to be<\/title>\n<meta name=\"robots\" content=\"index, follow, max-snippet:-1, max-image-preview:large, max-video-preview:-1\" \/>\n<link rel=\"canonical\" href=\"https:\/\/manumana.de\/index.php\/lanai-massage\/\" \/>\n<meta property=\"og:locale\" content=\"de_DE\" \/>\n<meta property=\"og:type\" content=\"article\" \/>\n<meta property=\"og:title\" content=\"Lanai - Mobile Massagen &#8211; ManuMana | time to be\" \/>\n<meta property=\"og:description\" content=\"Private &#8222;Massage-Party&#8220; Ab 3 Personen im gleichen Haushalt (&#8222;Massage-Party&#8220;) entf\u00e4llt der Anfahrtspreis. Bei 5 Personen erh\u00e4lst du als &#8222;Organisator&#8220; 50 %) Dieses Angebot kann auch individuell abgestimmt werden (Massagezeit\/Massageart) Die Kosten betragen pro Massage 90 \u20ac pro Stunde... Weiterlesen\" \/>\n<meta property=\"og:url\" content=\"https:\/\/manumana.de\/index.php\/lanai-massage\/\" \/>\n<meta property=\"og:site_name\" content=\"ManuMana | time to be\" \/>\n<meta property=\"article:modified_time\" content=\"2025-04-29T15:23:08+00:00\" \/>\n<meta property=\"og:image\" content=\"https:\/\/manumana.de\/wp-content\/uploads\/2019\/10\/IMG_7177-20190622-20190622.jpg\" \/>\n<meta name=\"twitter:card\" content=\"summary_large_image\" \/>\n<meta name=\"twitter:label1\" content=\"Gesch\u00e4tzte Lesezeit\" \/>\n\t<meta name=\"twitter:data1\" content=\"1\u00a0Minute\" \/>\n<script type=\"application\/ld+json\" class=\"yoast-schema-graph\">{\"@context\":\"https:\\\/\\\/schema.org\",\"@graph\":[{\"@type\":\"WebPage\",\"@id\":\"https:\\\/\\\/manumana.de\\\/index.php\\\/lanai-massage\\\/\",\"url\":\"https:\\\/\\\/manumana.de\\\/index.php\\\/lanai-massage\\\/\",\"name\":\"Lanai - Mobile Massagen &#8211; ManuMana | time to be\",\"isPartOf\":{\"@id\":\"https:\\\/\\\/manumana.de\\\/#website\"},\"primaryImageOfPage\":{\"@id\":\"https:\\\/\\\/manumana.de\\\/index.php\\\/lanai-massage\\\/#primaryimage\"},\"image\":{\"@id\":\"https:\\\/\\\/manumana.de\\\/index.php\\\/lanai-massage\\\/#primaryimage\"},\"thumbnailUrl\":\"https:\\\/\\\/manumana.de\\\/wp-content\\\/uploads\\\/2019\\\/10\\\/IMG_7177-20190622-20190622.jpg\",\"datePublished\":\"2018-12-05T16:47:54+00:00\",\"dateModified\":\"2025-04-29T15:23:08+00:00\",\"breadcrumb\":{\"@id\":\"https:\\\/\\\/manumana.de\\\/index.php\\\/lanai-massage\\\/#breadcrumb\"},\"inLanguage\":\"de\",\"potentialAction\":[{\"@type\":\"ReadAction\",\"target\":[\"https:\\\/\\\/manumana.de\\\/index.php\\\/lanai-massage\\\/\"]}]},{\"@type\":\"ImageObject\",\"inLanguage\":\"de\",\"@id\":\"https:\\\/\\\/manumana.de\\\/index.php\\\/lanai-massage\\\/#primaryimage\",\"url\":\"https:\\\/\\\/manumana.de\\\/wp-content\\\/uploads\\\/2019\\\/10\\\/IMG_7177-20190622-20190622.jpg\",\"contentUrl\":\"https:\\\/\\\/manumana.de\\\/wp-content\\\/uploads\\\/2019\\\/10\\\/IMG_7177-20190622-20190622.jpg\",\"width\":5066,\"height\":3377},{\"@type\":\"BreadcrumbList\",\"@id\":\"https:\\\/\\\/manumana.de\\\/index.php\\\/lanai-massage\\\/#breadcrumb\",\"itemListElement\":[{\"@type\":\"ListItem\",\"position\":1,\"name\":\"Startseite\",\"item\":\"https:\\\/\\\/manumana.de\\\/\"},{\"@type\":\"ListItem\",\"position\":2,\"name\":\"Lanai &#8211; Mobile Massagen\"}]},{\"@type\":\"WebSite\",\"@id\":\"https:\\\/\\\/manumana.de\\\/#website\",\"url\":\"https:\\\/\\\/manumana.de\\\/\",\"name\":\"ManuMana | time to be\",\"description\":\"\",\"publisher\":{\"@id\":\"https:\\\/\\\/manumana.de\\\/#\\\/schema\\\/person\\\/908ff8c8a0370036dd02c5902e448f8a\"},\"potentialAction\":[{\"@type\":\"SearchAction\",\"target\":{\"@type\":\"EntryPoint\",\"urlTemplate\":\"https:\\\/\\\/manumana.de\\\/?s={search_term_string}\"},\"query-input\":{\"@type\":\"PropertyValueSpecification\",\"valueRequired\":true,\"valueName\":\"search_term_string\"}}],\"inLanguage\":\"de\"},{\"@type\":[\"Person\",\"Organization\"],\"@id\":\"https:\\\/\\\/manumana.de\\\/#\\\/schema\\\/person\\\/908ff8c8a0370036dd02c5902e448f8a\",\"name\":\"manu\",\"image\":{\"@type\":\"ImageObject\",\"inLanguage\":\"de\",\"@id\":\"https:\\\/\\\/secure.gravatar.com\\\/avatar\\\/661ad3eaf14f9eb2bc2914165f5c9bee1dee89730913874b488f720196987943?s=96&d=wavatar&r=g\",\"url\":\"https:\\\/\\\/secure.gravatar.com\\\/avatar\\\/661ad3eaf14f9eb2bc2914165f5c9bee1dee89730913874b488f720196987943?s=96&d=wavatar&r=g\",\"contentUrl\":\"https:\\\/\\\/secure.gravatar.com\\\/avatar\\\/661ad3eaf14f9eb2bc2914165f5c9bee1dee89730913874b488f720196987943?s=96&d=wavatar&r=g\",\"caption\":\"manu\"},\"logo\":{\"@id\":\"https:\\\/\\\/secure.gravatar.com\\\/avatar\\\/661ad3eaf14f9eb2bc2914165f5c9bee1dee89730913874b488f720196987943?s=96&d=wavatar&r=g\"}}]}<\/script>\n<!-- \/ Yoast SEO plugin. -->","yoast_head_json":{"title":"Lanai - Mobile Massagen &#8211; ManuMana | time to be","robots":{"index":"index","follow":"follow","max-snippet":"max-snippet:-1","max-image-preview":"max-image-preview:large","max-video-preview":"max-video-preview:-1"},"canonical":"https:\/\/manumana.de\/index.php\/lanai-massage\/","og_locale":"de_DE","og_type":"article","og_title":"Lanai - Mobile Massagen &#8211; ManuMana | time to be","og_description":"Private &#8222;Massage-Party&#8220; Ab 3 Personen im gleichen Haushalt (&#8222;Massage-Party&#8220;) entf\u00e4llt der Anfahrtspreis. Bei 5 Personen erh\u00e4lst du als &#8222;Organisator&#8220; 50 %) Dieses Angebot kann auch individuell abgestimmt werden (Massagezeit\/Massageart) Die Kosten betragen pro Massage 90 \u20ac pro Stunde... Weiterlesen","og_url":"https:\/\/manumana.de\/index.php\/lanai-massage\/","og_site_name":"ManuMana | time to be","article_modified_time":"2025-04-29T15:23:08+00:00","og_image":[{"url":"https:\/\/manumana.de\/wp-content\/uploads\/2019\/10\/IMG_7177-20190622-20190622.jpg","type":"","width":"","height":""}],"twitter_card":"summary_large_image","twitter_misc":{"Gesch\u00e4tzte Lesezeit":"1\u00a0Minute"},"schema":{"@context":"https:\/\/schema.org","@graph":[{"@type":"WebPage","@id":"https:\/\/manumana.de\/index.php\/lanai-massage\/","url":"https:\/\/manumana.de\/index.php\/lanai-massage\/","name":"Lanai - Mobile Massagen &#8211; ManuMana | time to be","isPartOf":{"@id":"https:\/\/manumana.de\/#website"},"primaryImageOfPage":{"@id":"https:\/\/manumana.de\/index.php\/lanai-massage\/#primaryimage"},"image":{"@id":"https:\/\/manumana.de\/index.php\/lanai-massage\/#primaryimage"},"thumbnailUrl":"https:\/\/manumana.de\/wp-content\/uploads\/2019\/10\/IMG_7177-20190622-20190622.jpg","datePublished":"2018-12-05T16:47:54+00:00","dateModified":"2025-04-29T15:23:08+00:00","breadcrumb":{"@id":"https:\/\/manumana.de\/index.php\/lanai-massage\/#breadcrumb"},"inLanguage":"de","potentialAction":[{"@type":"ReadAction","target":["https:\/\/manumana.de\/index.php\/lanai-massage\/"]}]},{"@type":"ImageObject","inLanguage":"de","@id":"https:\/\/manumana.de\/index.php\/lanai-massage\/#primaryimage","url":"https:\/\/manumana.de\/wp-content\/uploads\/2019\/10\/IMG_7177-20190622-20190622.jpg","contentUrl":"https:\/\/manumana.de\/wp-content\/uploads\/2019\/10\/IMG_7177-20190622-20190622.jpg","width":5066,"height":3377},{"@type":"BreadcrumbList","@id":"https:\/\/manumana.de\/index.php\/lanai-massage\/#breadcrumb","itemListElement":[{"@type":"ListItem","position":1,"name":"Startseite","item":"https:\/\/manumana.de\/"},{"@type":"ListItem","position":2,"name":"Lanai &#8211; Mobile Massagen"}]},{"@type":"WebSite","@id":"https:\/\/manumana.de\/#website","url":"https:\/\/manumana.de\/","name":"ManuMana | time to be","description":"","publisher":{"@id":"https:\/\/manumana.de\/#\/schema\/person\/908ff8c8a0370036dd02c5902e448f8a"},"potentialAction":[{"@type":"SearchAction","target":{"@type":"EntryPoint","urlTemplate":"https:\/\/manumana.de\/?s={search_term_string}"},"query-input":{"@type":"PropertyValueSpecification","valueRequired":true,"valueName":"search_term_string"}}],"inLanguage":"de"},{"@type":["Person","Organization"],"@id":"https:\/\/manumana.de\/#\/schema\/person\/908ff8c8a0370036dd02c5902e448f8a","name":"manu","image":{"@type":"ImageObject","inLanguage":"de","@id":"https:\/\/secure.gravatar.com\/avatar\/661ad3eaf14f9eb2bc2914165f5c9bee1dee89730913874b488f720196987943?s=96&d=wavatar&r=g","url":"https:\/\/secure.gravatar.com\/avatar\/661ad3eaf14f9eb2bc2914165f5c9bee1dee89730913874b488f720196987943?s=96&d=wavatar&r=g","contentUrl":"https:\/\/secure.gravatar.com\/avatar\/661ad3eaf14f9eb2bc2914165f5c9bee1dee89730913874b488f720196987943?s=96&d=wavatar&r=g","caption":"manu"},"logo":{"@id":"https:\/\/secure.gravatar.com\/avatar\/661ad3eaf14f9eb2bc2914165f5c9bee1dee89730913874b488f720196987943?s=96&d=wavatar&r=g"}}]}},"_links":{"self":[{"href":"https:\/\/manumana.de\/index.php\/wp-json\/wp\/v2\/pages\/107","targetHints":{"allow":["GET"]}}],"collection":[{"href":"https:\/\/manumana.de\/index.php\/wp-json\/wp\/v2\/pages"}],"about":[{"href":"https:\/\/manumana.de\/index.php\/wp-json\/wp\/v2\/types\/page"}],"author":[{"embeddable":true,"href":"https:\/\/manumana.de\/index.php\/wp-json\/wp\/v2\/users\/2"}],"replies":[{"embeddable":true,"href":"https:\/\/manumana.de\/index.php\/wp-json\/wp\/v2\/comments?post=107"}],"version-history":[{"count":16,"href":"https:\/\/manumana.de\/index.php\/wp-json\/wp\/v2\/pages\/107\/revisions"}],"predecessor-version":[{"id":1726,"href":"https:\/\/manumana.de\/index.php\/wp-json\/wp\/v2\/pages\/107\/revisions\/1726"}],"wp:attachment":[{"href":"https:\/\/manumana.de\/index.php\/wp-json\/wp\/v2\/media?parent=107"}],"curies":[{"name":"wp","href":"https:\/\/api.w.org\/{rel}","templated":true}]}}