{"id":1586,"date":"2022-08-21T22:35:53","date_gmt":"2022-08-21T20:35:53","guid":{"rendered":"https:\/\/manumana.de\/?page_id=1586"},"modified":"2025-07-28T21:56:00","modified_gmt":"2025-07-28T19:56:00","slug":"tvm","status":"publish","type":"page","link":"https:\/\/manumana.de\/index.php\/tvm\/","title":{"rendered":"Trauma Therapie TVM\u2122"},"content":{"rendered":"<p><strong><span style=\"color: #800080;\">TVM\u2122 (Triple Vagal Method)<\/span><\/strong><\/p>\n<p><strong>Was TVM\u2122 ist\u2026 somatische Traumatherapie<\/strong><\/p>\n<p>TVM\u2122 ist&#8230; Eine k\u00f6rperorientierte (somatische) Trauma Therapie.<\/p>\n<p>Die Triple-Vagal-Methode TVM\u2122, ist eine somatische Trauma-Transformationsmethode, die darauf abzielt, Traumata zu l\u00f6sen und zu heilen und gleichzeitig den Vagustonus durch physische Manipulation der Haupt\u00e4ste des Vagusnervs zu erh\u00f6hen.<br \/>\nDer Vagusnerv ist einer der 12 Hirnnerven, der f\u00fcr unser \u00dcberleben zust\u00e4ndig ist, und somit Kr\u00e4fte und Resourcen in uns aktiviert, die f\u00fcr die Reaktionen Flucht, Kampf, Angst, Erstarren, Entspannen und soziales Engagement (Beziehungen eingehen, Liebe empfinden und zeigen) im K\u00f6rper verantwortlich ist.<\/p>\n<p><strong>Wie?<\/strong><\/p>\n<p>Ich arbeite in jeder TVM-Sitzung an den Zweigen des Vagus Nervs, die f\u00fcr diese Reaktionen verantwortlich sind. Dies geschieht durch Ber\u00fchrung und pressen von Punkten am K\u00f6rper, die mit dem Vagus Nerv verbunden sind.<\/p>\n<p><strong>Warum?<\/strong><\/p>\n<p>\u2013 Weil du darunter evtl. leidest, dass du aus einer \u201ebelanglosen\u201c Situation in der du eigentlich in Sicherheit bist, diese Reaktionen von Angst und Starre oder Flucht-\/Kampfgef\u00fchl erlebst, obwohl du dich eigentlich nur nach N\u00e4he und Bindung sehnst und das nicht zulassen kannst aufgrund eines oder mehrerer unverarbeiteter (Kindheits-)erlebnisse, die in dieser Situation angetriggert oder in Erinnerung gerufen werden.<\/p>\n<p><strong>Ablauf<\/strong><\/p>\n<p>Bei dieser Trauma Therapie, durch die Anwendung der Triple Vagal Method (TVM\u2122), musst du nicht reden oder analysieren, dies geschieht alles \u00fcber deinen wunderbaren K\u00f6rper, in dem die Traumen oder Ereignisse \u201egefangen\u201c bzw. abgespeichert sind. Dies geschieht durch sanfte k\u00f6rperliche Ber\u00fchrung und Stimulation des Nervensystems, Raum halten und Pr\u00e4senz um diesen Traumazyklus zu beenden, die De-regulierung und Dissoziation zu heilen um die Sicherheit im K\u00f6rper wieder herzustellen.<\/p>\n<p>&nbsp;<\/p>\n<p><img decoding=\"async\" class=\"aligncenter wp-image-1591 size-full lazyload\" data-src=\"https:\/\/manumana.de\/wp-content\/uploads\/2022\/08\/IMG_20220414_180958-scaled.jpg\" alt=\"\" width=\"2560\" height=\"1920\" data-srcset=\"https:\/\/manumana.de\/wp-content\/uploads\/2022\/08\/IMG_20220414_180958-scaled.jpg 2560w, https:\/\/manumana.de\/wp-content\/uploads\/2022\/08\/IMG_20220414_180958-300x225.jpg 300w, https:\/\/manumana.de\/wp-content\/uploads\/2022\/08\/IMG_20220414_180958-1024x768.jpg 1024w, https:\/\/manumana.de\/wp-content\/uploads\/2022\/08\/IMG_20220414_180958-768x576.jpg 768w, https:\/\/manumana.de\/wp-content\/uploads\/2022\/08\/IMG_20220414_180958-1536x1152.jpg 1536w, https:\/\/manumana.de\/wp-content\/uploads\/2022\/08\/IMG_20220414_180958-2048x1536.jpg 2048w, https:\/\/manumana.de\/wp-content\/uploads\/2022\/08\/IMG_20220414_180958-1600x1200.jpg 1600w, https:\/\/manumana.de\/wp-content\/uploads\/2022\/08\/IMG_20220414_180958-960x720.jpg 960w\" data-sizes=\"(max-width: 2560px) 100vw, 2560px\" src=\"data:image\/svg+xml;base64,PHN2ZyB3aWR0aD0iMSIgaGVpZ2h0PSIxIiB4bWxucz0iaHR0cDovL3d3dy53My5vcmcvMjAwMC9zdmciPjwvc3ZnPg==\" style=\"--smush-placeholder-width: 2560px; --smush-placeholder-aspect-ratio: 2560\/1920;\" \/><\/p>\n<p><iframe title=\"The Triple Vagal Method\u00ae  TVM\u2122 - a Somatic approach to integrate Trauma\" width=\"640\" height=\"360\" data-src=\"https:\/\/www.youtube.com\/embed\/8oMtLLROO8M?start=1&#038;feature=oembed\" frameborder=\"0\" allow=\"accelerometer; autoplay; clipboard-write; encrypted-media; gyroscope; picture-in-picture; web-share\" referrerpolicy=\"strict-origin-when-cross-origin\" allowfullscreen src=\"data:image\/svg+xml;base64,PHN2ZyB3aWR0aD0iMSIgaGVpZ2h0PSIxIiB4bWxucz0iaHR0cDovL3d3dy53My5vcmcvMjAwMC9zdmciPjwvc3ZnPg==\" class=\"lazyload\" data-load-mode=\"1\"><\/iframe><\/p>\n<p class=\"\" data-start=\"102\" data-end=\"123\"><strong data-start=\"102\" data-end=\"123\">Behandlungskosten<\/strong><\/p>\n<p class=\"\" data-start=\"127\" data-end=\"195\">Eine Behandlungsstunde inkl. Beratung wird mit <strong data-start=\"174\" data-end=\"182\">90\u202f\u20ac<\/strong> berechnet.<\/p>\n<p class=\"\" data-start=\"198\" data-end=\"329\">Eine ausf\u00fchrliche Erstkonsultation (Anamnese) von 2 Stunden ca. <strong data-start=\"267\" data-end=\"283\">180\u202f\u20ac<\/strong><\/p>\n<p class=\"\" data-start=\"198\" data-end=\"329\">F\u00fcr die <strong data-start=\"340\" data-end=\"383\">TVM\u2122- und TVM\u2122-Pelvic Floor Traumatherapie<\/strong> biete ich <strong data-start=\"394\" data-end=\"426\">ausschlie\u00dflich Paketangebote<\/strong> an.<\/p>\n<p class=\"\" data-start=\"432\" data-end=\"705\">Die Kosten weiterer Behandlungstermine richten sich nach den jeweils angewendeten Methoden. Die Abrechnung erfolgt nach der <strong data-start=\"556\" data-end=\"601\">Geb\u00fchrenordnung f\u00fcr Heilpraktiker (Geb\u00fcH)<\/strong>.<br data-start=\"602\" data-end=\"605\" \/>Bitte beachten Sie: <strong data-start=\"625\" data-end=\"704\">Die Bezahlung ist derzeit nur bar oder per Rechnung und \u00dcberweisung m\u00f6glich<\/strong>.<\/p>\n<p class=\"\" data-start=\"707\" data-end=\"725\"><strong data-start=\"707\" data-end=\"725\">Ausfallhonorar<\/strong><\/p>\n<p class=\"\" data-start=\"727\" data-end=\"883\">F\u00fcr vereinbarte Termine, die <strong data-start=\"756\" data-end=\"829\">nicht wahrgenommen oder weniger als 24 Stunden vorher abgesagt werden<\/strong>, wird ein <strong data-start=\"840\" data-end=\"875\">Ausfallhonorar in H\u00f6he von 90\u202f\u20ac<\/strong> f\u00e4llig.<\/p>\n<p class=\"\" data-start=\"885\" data-end=\"928\"><strong data-start=\"885\" data-end=\"928\">\u00dcbernahme durch die Krankenversicherung<\/strong><\/p>\n<p class=\"\" data-start=\"930\" data-end=\"1158\">Bei privat Versicherten ist eine Kosten\u00fcbernahme ggf. m\u00f6glich. In diesem Fall erfolgt die Abrechnung <strong data-start=\"1031\" data-end=\"1045\">nach Geb\u00fcH<\/strong>.<br data-start=\"1046\" data-end=\"1049\" \/>Bitte erkundigen Sie sich <strong data-start=\"1075\" data-end=\"1104\">vor Beginn der Behandlung<\/strong> bei Ihrer Krankenkasse \u00fcber eine m\u00f6gliche Erstattung.<\/p>\n<p>&nbsp;<\/p>\n<p><img decoding=\"async\" width=\"225\" height=\"300\" class=\"alignnone size-medium wp-image-1692 lazyload\" data-src=\"https:\/\/manumana.de\/wp-content\/uploads\/2024\/10\/WhatsApp-Image-2024-10-21-at-23.15.07-2-225x300.jpeg\" alt=\"\" data-srcset=\"https:\/\/manumana.de\/wp-content\/uploads\/2024\/10\/WhatsApp-Image-2024-10-21-at-23.15.07-2-225x300.jpeg 225w, https:\/\/manumana.de\/wp-content\/uploads\/2024\/10\/WhatsApp-Image-2024-10-21-at-23.15.07-2-768x1024.jpeg 768w, https:\/\/manumana.de\/wp-content\/uploads\/2024\/10\/WhatsApp-Image-2024-10-21-at-23.15.07-2-1152x1536.jpeg 1152w, https:\/\/manumana.de\/wp-content\/uploads\/2024\/10\/WhatsApp-Image-2024-10-21-at-23.15.07-2-900x1200.jpeg 900w, https:\/\/manumana.de\/wp-content\/uploads\/2024\/10\/WhatsApp-Image-2024-10-21-at-23.15.07-2-720x960.jpeg 720w, https:\/\/manumana.de\/wp-content\/uploads\/2024\/10\/WhatsApp-Image-2024-10-21-at-23.15.07-2.jpeg 1200w\" data-sizes=\"(max-width: 225px) 100vw, 225px\" src=\"data:image\/svg+xml;base64,PHN2ZyB3aWR0aD0iMSIgaGVpZ2h0PSIxIiB4bWxucz0iaHR0cDovL3d3dy53My5vcmcvMjAwMC9zdmciPjwvc3ZnPg==\" style=\"--smush-placeholder-width: 225px; --smush-placeholder-aspect-ratio: 225\/300;\" \/><\/p>\n<p><span style=\"color: #800080;\"><strong>TVM\u2122 Beckenboden Trauma-Arbeit<\/strong><\/span><\/p>\n<p>Worum es geht: Die TVM Beckenboden Trauma-Arbeit verbindet polyvagale somatische Therapie mit der TVM\u2122 Triple Vagal Methode und weiteren Heilans\u00e4tzen. Diese ganzheitliche Therapie konzentriert sich darauf, Traumata auf zellul\u00e4rer und faszialer Ebene zu l\u00f6sen. Sie zielt darauf ab, den Menschen in seiner Gesamtheit zu behandeln \u2013 einschlie\u00dflich des Beckenbodens und der Genitalien.<\/p>\n<p><strong><span style=\"color: #808080;\">Sitzungsdetails:<\/span><\/strong><\/p>\n<p>Schwerpunkte:<\/p>\n<p>1. K\u00f6rperliche Strukturen und physiologische Funktionen<\/p>\n<p>2. Emotionales Wohlbefinden, Psychologie und neurologische Balance<\/p>\n<p>3. Psychosomatische Verbindung<\/p>\n<p><strong>Ablauf:<\/strong><\/p>\n<p>Die Dauer der Sitzung ist nicht festgelegt. Sie dauert so lange, wie es n\u00f6tig ist, um den vollst\u00e4ndigen Prozess zu durchlaufen, der dem K\u00f6rper signalisiert, dass das urspr\u00fcngliche Trauma \u00fcberstanden ist und Sicherheit besteht. (In der Regel zwischen 4 und 7 Stunden)<\/p>\n<p><strong>Ziele:<\/strong><\/p>\n<ul>\n<li>L\u00f6sen emotionaler Blockaden<\/li>\n<li>Steigerung des Bewusstseins<\/li>\n<li>F\u00f6rderung des pers\u00f6nlichen Wachstums sowie k\u00f6rperliches und emotionales\u00a0 \u00a0 \u00a0 \u00a0 \u00a0 \u00a0Wohlbefinden<\/li>\n<\/ul>\n<p><img decoding=\"async\" width=\"225\" height=\"300\" class=\"alignnone size-medium wp-image-1691 lazyload\" data-src=\"https:\/\/manumana.de\/wp-content\/uploads\/2024\/10\/WhatsApp-Image-2024-10-21-at-23.15.07-1-225x300.jpeg\" alt=\"\" data-srcset=\"https:\/\/manumana.de\/wp-content\/uploads\/2024\/10\/WhatsApp-Image-2024-10-21-at-23.15.07-1-225x300.jpeg 225w, https:\/\/manumana.de\/wp-content\/uploads\/2024\/10\/WhatsApp-Image-2024-10-21-at-23.15.07-1-768x1024.jpeg 768w, https:\/\/manumana.de\/wp-content\/uploads\/2024\/10\/WhatsApp-Image-2024-10-21-at-23.15.07-1-1152x1536.jpeg 1152w, https:\/\/manumana.de\/wp-content\/uploads\/2024\/10\/WhatsApp-Image-2024-10-21-at-23.15.07-1-1200x1600.jpeg 1200w, https:\/\/manumana.de\/wp-content\/uploads\/2024\/10\/WhatsApp-Image-2024-10-21-at-23.15.07-1-900x1200.jpeg 900w, https:\/\/manumana.de\/wp-content\/uploads\/2024\/10\/WhatsApp-Image-2024-10-21-at-23.15.07-1-720x960.jpeg 720w, https:\/\/manumana.de\/wp-content\/uploads\/2024\/10\/WhatsApp-Image-2024-10-21-at-23.15.07-1.jpeg 1530w\" data-sizes=\"(max-width: 225px) 100vw, 225px\" src=\"data:image\/svg+xml;base64,PHN2ZyB3aWR0aD0iMSIgaGVpZ2h0PSIxIiB4bWxucz0iaHR0cDovL3d3dy53My5vcmcvMjAwMC9zdmciPjwvc3ZnPg==\" style=\"--smush-placeholder-width: 225px; --smush-placeholder-aspect-ratio: 225\/300;\" \/><br \/>\nAnwendungsbereiche: Diese Therapie richtet sich an verschiedene Symptome, die im Beckenboden gespeichert sind, darunter: \u00a0<!--more--><\/p>\n<p>1. Stress und Verspannungen im Gewebe und den Faszien (z. B. Inkontinenz, Erschlaffung)<\/p>\n<p>2. Depressionen durch K\u00f6rperentfremdung<\/p>\n<p>3. S\u00fcchte<\/p>\n<p>4. Schlafst\u00f6rungen<\/p>\n<p>5. K\u00f6rperdysmorphie und geringes Selbstwertgef\u00fchl<\/p>\n<p>6. Schmerzen im Beckenbereich<\/p>\n<p>7. Menopausen-Symptome<\/p>\n<p>8. Fruchtbarkeitsprobleme<\/p>\n<p>9. Verlust des sexuellen Interesses<\/p>\n<p>10. Schwierigkeiten, einen Orgasmus zu erleben oder eine Verbindung zum Beckenboden herzustellen<\/p>\n<p>11. Schamgef\u00fchle und Selbstwertprobleme<\/p>\n<p>12. Vaginismus (Schmerzen beim Geschlechtsverkehr)<\/p>\n<p>13. Angst vor Intimit\u00e4t oder Liebe<\/p>\n<p>14. Beziehungsprobleme<\/p>\n<p>15. Schwierigkeiten bei der Konfliktl\u00f6sung und dem Aussprechen der eigenen Wahrheit<\/p>\n<p>16. Unsicherheiten, Vertrauensprobleme und Selbstbewusstseinsmangel<\/p>\n<p>17. Unf\u00e4higkeit, sich beim Liebesspiel hinzugeben<\/p>\n<p>18. Vorzeitige Ejakulation oder Erektionsst\u00f6rungen<\/p>\n<p>19. Funktionsst\u00f6rungen des Beckenbodens<\/p>\n<p>20. Generationen\u00fcbergreifende Traumata<\/p>\n<p><strong>Rolle des Therapeuten:<\/strong><\/p>\n<p>Erstellung eines individuellen Behandlungsplans<\/p>\n<p>Sicherstellung des Komforts des Klienten, die K\u00f6rperarbeit kann mit oder ohne Kleidung erfolgen<\/p>\n<p>Optionale Anwesenheit eines Begleiters auf Wunsch<\/p>\n<p>Erste Beratung zur Festlegung der Therapieziele und Kl\u00e4rung von Anliegen<\/p>\n<p>Arbeit mit der Triple Vagal Methode und kontinuierliche, geduldige Begleitung des Klienten w\u00e4hrend der gesamten Behandlung<\/p>\n<p><strong>Behandlungsprozess:<\/strong><\/p>\n<p>1. Erstberatung: Besprechung der Ziele und Erstellung eines Behandlungsplans<\/p>\n<p>2. K\u00f6rperliche Vorbereitung: Durchf\u00fchrung von somatischen Bewegungen und Dehn\u00fcbungen, inklusive spezieller Yoga-Asanas zur Aktivierung und Entspannung des Beckenbodens<\/p>\n<p>3. Tiefengewebsarbeit: Aktivierung tauber Bereiche und Freisetzung emotionaler Blockaden<\/p>\n<p>4. Beckenbodenheilung: Tiefenarbeit an Faszien zur Kl\u00e4rung tiefer Traumata und Wiederherstellung der k\u00f6rperlichen und emotionalen Integrit\u00e4t<\/p>\n<p>Was Sie erwarten k\u00f6nnen: Sitzungen k\u00f6nnen emotionale und physische Freisetzungen hervorrufen, \u00e4hnlich einem reinigenden Weinen. Dies hilft dabei, negative Emotionen wie Traurigkeit, Angst, Scham, Schuld oder Wut zu transformieren und den Beckenboden in einem positiveren Licht zu sehen. Dieser \u201eBottom-up\u201c-Ansatz fokussiert sich auf die k\u00f6rperliche Verarbeitung von Traumata im Gegensatz zu einem rein kognitiven \u201eTop-down\u201c-Ansatz wie in der Gespr\u00e4chs- oder Verhaltenstherapie.<\/p>\n<p>Wichtige Hinweise:<\/p>\n<p>Die Therapie umfasst auch den Beckenboden, einschlie\u00dflich Genital- und Analbereich, jedoch ausschlie\u00dflich mit der vollen Zustimmung des Klienten, die jederzeit widerrufen werden kann.<\/p>\n<p>Dies ist kein sexueller Service oder eine Massage.<\/p>\n<p>Der Mensch wird als Ganzes behandelt \u2013 nicht nur die Geschlechtsorgane oder der Beckenboden.<\/p>\n<p>M\u00f6gliche positive Auswirkungen:<\/p>\n<p>1. Gef\u00fchl von Sicherheit, Vertrauen und Entspannung<\/p>\n<p>2. \u00d6ffnung der Sexualit\u00e4t durch Traumabew\u00e4ltigung<\/p>\n<p>3. Vertiefung der Intimit\u00e4t mit sich selbst<\/p>\n<p>4. Vertrauen in den eigenen K\u00f6rper und \u00d6ffnung des Herzens<\/p>\n<p>5. Verbesserte Kommunikation durch die tiefe Faszienverbindung zwischen Beckenboden und Kehlkopf<\/p>\n<p>6. St\u00e4rkere Verbindung zu Ihrem inneren Wesen, Ihrer Intuition und Ihrem Bewusstsein<\/p>\n<p>7. Erweckung der Weisheit des Beckenbodens und des tiefen Kerns<\/p>\n<p><strong>Vorbereitung auf Ihre Sitzung:<\/strong><\/p>\n<p>Trinken Sie ausreichend Wasser und vermeiden Sie Alkohol, Drogen, Stimulanzien und \u00fcberm\u00e4\u00dfigen Zucker.<\/p>\n<p>Vermeiden Sie Parfums und haben Sie mindestens einen Tag vor sowie zwei Tage nach der Sitzung keinen Geschlechtsverkehr.<\/p>\n<p>Kommen Sie frisch gebadet zur Sitzung.<\/p>\n<p>Bei Sitzungen zu Hause: Bereiten Sie den Raum mit zus\u00e4tzlichen Handt\u00fcchern, zwei Laken, Kissen und Wasser vor.<\/p>\n<p>Planen Sie ein oder zwei Tage zur Integration der Sitzung ein.<\/p>\n<p>Bereiten Sie leichte Mahlzeiten f\u00fcr Pausen vor.<\/p>\n<p>Halten Sie systemische \u201eUnterbrechungen\u201c bereit (z. B. dunkle Schokolade oder ein \u00e4therisches \u00d6l Ihrer Wahl, wie Lavendel, Sandelholz oder Rosmarin).<\/p>\n<p>Abschlie\u00dfende Hinweise: Vor Beginn werden alle Punkte pers\u00f6nlich besprochen. Einwilligungs- und Fragebogenformulare sind vor der Behandlung auszuf\u00fcllen.<\/p>\n<p><strong>F\u00fcr weitere Infos, kontaktiere mich gerne via Telefon, WhatsApp\/Telegram\/e-mail<br \/>\n+49 172 7875339<\/strong><\/p>\n<p><a href=\"mailto:info@manumana.de\"><strong>info@manumana.de<\/strong><\/a><\/p>\n","protected":false},"excerpt":{"rendered":"<p>TVM\u2122 (Triple Vagal Method) Was TVM\u2122 ist\u2026 somatische Traumatherapie TVM\u2122 ist&#8230; Eine k\u00f6rperorientierte (somatische) Trauma Therapie. Die Triple-Vagal-Methode TVM\u2122, ist eine somatische Trauma-Transformationsmethode, die darauf abzielt, Traumata zu l\u00f6sen und zu heilen und gleichzeitig den Vagustonus durch physische&#8230; <a class=\"read-more\" href=\"https:\/\/manumana.de\/index.php\/tvm\/\">Weiterlesen<\/a><\/p>\n","protected":false},"author":2,"featured_media":0,"parent":0,"menu_order":0,"comment_status":"closed","ping_status":"closed","template":"","meta":{"footnotes":""},"class_list":["post-1586","page","type-page","status-publish","hentry"],"yoast_head":"<!-- This site is optimized with the Yoast SEO plugin v27.5 - https:\/\/yoast.com\/product\/yoast-seo-wordpress\/ -->\n<title>Trauma Therapie TVM\u2122 &#8211; ManuMana | time to be<\/title>\n<meta name=\"description\" content=\"K\u00f6rperorientierte Traumatherapie mit der Triple Vagal Method TVM Pelvic FloorTransformation \u2013 somatisch, polyvagal theorie - basiert\" \/>\n<meta name=\"robots\" content=\"index, follow, max-snippet:-1, max-image-preview:large, max-video-preview:-1\" \/>\n<link rel=\"canonical\" href=\"https:\/\/manumana.de\/index.php\/tvm\/\" \/>\n<meta property=\"og:locale\" content=\"de_DE\" \/>\n<meta property=\"og:type\" content=\"article\" \/>\n<meta property=\"og:title\" content=\"Trauma Therapie TVM\u2122 &#8211; ManuMana | time to be\" \/>\n<meta property=\"og:description\" content=\"K\u00f6rperorientierte Traumatherapie mit der Triple Vagal Method TVM Pelvic FloorTransformation \u2013 somatisch, polyvagal theorie - basiert\" \/>\n<meta property=\"og:url\" content=\"https:\/\/manumana.de\/index.php\/tvm\/\" \/>\n<meta property=\"og:site_name\" content=\"ManuMana | time to be\" \/>\n<meta property=\"article:modified_time\" content=\"2025-07-28T19:56:00+00:00\" \/>\n<meta property=\"og:image\" content=\"https:\/\/manumana.de\/wp-content\/uploads\/2022\/08\/IMG_20220414_180958-scaled.jpg\" \/>\n\t<meta property=\"og:image:width\" content=\"2560\" \/>\n\t<meta property=\"og:image:height\" content=\"1920\" \/>\n\t<meta property=\"og:image:type\" content=\"image\/jpeg\" \/>\n<meta name=\"twitter:card\" content=\"summary_large_image\" \/>\n<meta name=\"twitter:label1\" content=\"Gesch\u00e4tzte Lesezeit\" \/>\n\t<meta name=\"twitter:data1\" content=\"7\u00a0Minuten\" \/>\n<script type=\"application\/ld+json\" class=\"yoast-schema-graph\">{\"@context\":\"https:\\\/\\\/schema.org\",\"@graph\":[{\"@type\":\"WebPage\",\"@id\":\"https:\\\/\\\/manumana.de\\\/index.php\\\/tvm\\\/\",\"url\":\"https:\\\/\\\/manumana.de\\\/index.php\\\/tvm\\\/\",\"name\":\"Trauma Therapie TVM\u2122 &#8211; ManuMana | time to be\",\"isPartOf\":{\"@id\":\"https:\\\/\\\/manumana.de\\\/#website\"},\"primaryImageOfPage\":{\"@id\":\"https:\\\/\\\/manumana.de\\\/index.php\\\/tvm\\\/#primaryimage\"},\"image\":{\"@id\":\"https:\\\/\\\/manumana.de\\\/index.php\\\/tvm\\\/#primaryimage\"},\"thumbnailUrl\":\"https:\\\/\\\/manumana.de\\\/wp-content\\\/uploads\\\/2022\\\/08\\\/IMG_20220414_180958-scaled.jpg\",\"datePublished\":\"2022-08-21T20:35:53+00:00\",\"dateModified\":\"2025-07-28T19:56:00+00:00\",\"description\":\"K\u00f6rperorientierte Traumatherapie mit der Triple Vagal Method TVM Pelvic FloorTransformation \u2013 somatisch, polyvagal theorie - basiert\",\"breadcrumb\":{\"@id\":\"https:\\\/\\\/manumana.de\\\/index.php\\\/tvm\\\/#breadcrumb\"},\"inLanguage\":\"de\",\"potentialAction\":[{\"@type\":\"ReadAction\",\"target\":[\"https:\\\/\\\/manumana.de\\\/index.php\\\/tvm\\\/\"]}]},{\"@type\":\"ImageObject\",\"inLanguage\":\"de\",\"@id\":\"https:\\\/\\\/manumana.de\\\/index.php\\\/tvm\\\/#primaryimage\",\"url\":\"https:\\\/\\\/manumana.de\\\/wp-content\\\/uploads\\\/2022\\\/08\\\/IMG_20220414_180958-scaled.jpg\",\"contentUrl\":\"https:\\\/\\\/manumana.de\\\/wp-content\\\/uploads\\\/2022\\\/08\\\/IMG_20220414_180958-scaled.jpg\",\"width\":2560,\"height\":1920},{\"@type\":\"BreadcrumbList\",\"@id\":\"https:\\\/\\\/manumana.de\\\/index.php\\\/tvm\\\/#breadcrumb\",\"itemListElement\":[{\"@type\":\"ListItem\",\"position\":1,\"name\":\"Startseite\",\"item\":\"https:\\\/\\\/manumana.de\\\/\"},{\"@type\":\"ListItem\",\"position\":2,\"name\":\"Trauma Therapie TVM\u2122\"}]},{\"@type\":\"WebSite\",\"@id\":\"https:\\\/\\\/manumana.de\\\/#website\",\"url\":\"https:\\\/\\\/manumana.de\\\/\",\"name\":\"ManuMana | time to be\",\"description\":\"\",\"publisher\":{\"@id\":\"https:\\\/\\\/manumana.de\\\/#\\\/schema\\\/person\\\/908ff8c8a0370036dd02c5902e448f8a\"},\"potentialAction\":[{\"@type\":\"SearchAction\",\"target\":{\"@type\":\"EntryPoint\",\"urlTemplate\":\"https:\\\/\\\/manumana.de\\\/?s={search_term_string}\"},\"query-input\":{\"@type\":\"PropertyValueSpecification\",\"valueRequired\":true,\"valueName\":\"search_term_string\"}}],\"inLanguage\":\"de\"},{\"@type\":[\"Person\",\"Organization\"],\"@id\":\"https:\\\/\\\/manumana.de\\\/#\\\/schema\\\/person\\\/908ff8c8a0370036dd02c5902e448f8a\",\"name\":\"manu\",\"image\":{\"@type\":\"ImageObject\",\"inLanguage\":\"de\",\"@id\":\"https:\\\/\\\/secure.gravatar.com\\\/avatar\\\/661ad3eaf14f9eb2bc2914165f5c9bee1dee89730913874b488f720196987943?s=96&d=wavatar&r=g\",\"url\":\"https:\\\/\\\/secure.gravatar.com\\\/avatar\\\/661ad3eaf14f9eb2bc2914165f5c9bee1dee89730913874b488f720196987943?s=96&d=wavatar&r=g\",\"contentUrl\":\"https:\\\/\\\/secure.gravatar.com\\\/avatar\\\/661ad3eaf14f9eb2bc2914165f5c9bee1dee89730913874b488f720196987943?s=96&d=wavatar&r=g\",\"caption\":\"manu\"},\"logo\":{\"@id\":\"https:\\\/\\\/secure.gravatar.com\\\/avatar\\\/661ad3eaf14f9eb2bc2914165f5c9bee1dee89730913874b488f720196987943?s=96&d=wavatar&r=g\"}}]}<\/script>\n<!-- \/ Yoast SEO plugin. -->","yoast_head_json":{"title":"Trauma Therapie TVM\u2122 &#8211; ManuMana | time to be","description":"K\u00f6rperorientierte Traumatherapie mit der Triple Vagal Method TVM Pelvic FloorTransformation \u2013 somatisch, polyvagal theorie - basiert","robots":{"index":"index","follow":"follow","max-snippet":"max-snippet:-1","max-image-preview":"max-image-preview:large","max-video-preview":"max-video-preview:-1"},"canonical":"https:\/\/manumana.de\/index.php\/tvm\/","og_locale":"de_DE","og_type":"article","og_title":"Trauma Therapie TVM\u2122 &#8211; ManuMana | time to be","og_description":"K\u00f6rperorientierte Traumatherapie mit der Triple Vagal Method TVM Pelvic FloorTransformation \u2013 somatisch, polyvagal theorie - basiert","og_url":"https:\/\/manumana.de\/index.php\/tvm\/","og_site_name":"ManuMana | time to be","article_modified_time":"2025-07-28T19:56:00+00:00","og_image":[{"width":2560,"height":1920,"url":"https:\/\/manumana.de\/wp-content\/uploads\/2022\/08\/IMG_20220414_180958-scaled.jpg","type":"image\/jpeg"}],"twitter_card":"summary_large_image","twitter_misc":{"Gesch\u00e4tzte Lesezeit":"7\u00a0Minuten"},"schema":{"@context":"https:\/\/schema.org","@graph":[{"@type":"WebPage","@id":"https:\/\/manumana.de\/index.php\/tvm\/","url":"https:\/\/manumana.de\/index.php\/tvm\/","name":"Trauma Therapie TVM\u2122 &#8211; ManuMana | time to be","isPartOf":{"@id":"https:\/\/manumana.de\/#website"},"primaryImageOfPage":{"@id":"https:\/\/manumana.de\/index.php\/tvm\/#primaryimage"},"image":{"@id":"https:\/\/manumana.de\/index.php\/tvm\/#primaryimage"},"thumbnailUrl":"https:\/\/manumana.de\/wp-content\/uploads\/2022\/08\/IMG_20220414_180958-scaled.jpg","datePublished":"2022-08-21T20:35:53+00:00","dateModified":"2025-07-28T19:56:00+00:00","description":"K\u00f6rperorientierte Traumatherapie mit der Triple Vagal Method TVM Pelvic FloorTransformation \u2013 somatisch, polyvagal theorie - basiert","breadcrumb":{"@id":"https:\/\/manumana.de\/index.php\/tvm\/#breadcrumb"},"inLanguage":"de","potentialAction":[{"@type":"ReadAction","target":["https:\/\/manumana.de\/index.php\/tvm\/"]}]},{"@type":"ImageObject","inLanguage":"de","@id":"https:\/\/manumana.de\/index.php\/tvm\/#primaryimage","url":"https:\/\/manumana.de\/wp-content\/uploads\/2022\/08\/IMG_20220414_180958-scaled.jpg","contentUrl":"https:\/\/manumana.de\/wp-content\/uploads\/2022\/08\/IMG_20220414_180958-scaled.jpg","width":2560,"height":1920},{"@type":"BreadcrumbList","@id":"https:\/\/manumana.de\/index.php\/tvm\/#breadcrumb","itemListElement":[{"@type":"ListItem","position":1,"name":"Startseite","item":"https:\/\/manumana.de\/"},{"@type":"ListItem","position":2,"name":"Trauma Therapie TVM\u2122"}]},{"@type":"WebSite","@id":"https:\/\/manumana.de\/#website","url":"https:\/\/manumana.de\/","name":"ManuMana | time to be","description":"","publisher":{"@id":"https:\/\/manumana.de\/#\/schema\/person\/908ff8c8a0370036dd02c5902e448f8a"},"potentialAction":[{"@type":"SearchAction","target":{"@type":"EntryPoint","urlTemplate":"https:\/\/manumana.de\/?s={search_term_string}"},"query-input":{"@type":"PropertyValueSpecification","valueRequired":true,"valueName":"search_term_string"}}],"inLanguage":"de"},{"@type":["Person","Organization"],"@id":"https:\/\/manumana.de\/#\/schema\/person\/908ff8c8a0370036dd02c5902e448f8a","name":"manu","image":{"@type":"ImageObject","inLanguage":"de","@id":"https:\/\/secure.gravatar.com\/avatar\/661ad3eaf14f9eb2bc2914165f5c9bee1dee89730913874b488f720196987943?s=96&d=wavatar&r=g","url":"https:\/\/secure.gravatar.com\/avatar\/661ad3eaf14f9eb2bc2914165f5c9bee1dee89730913874b488f720196987943?s=96&d=wavatar&r=g","contentUrl":"https:\/\/secure.gravatar.com\/avatar\/661ad3eaf14f9eb2bc2914165f5c9bee1dee89730913874b488f720196987943?s=96&d=wavatar&r=g","caption":"manu"},"logo":{"@id":"https:\/\/secure.gravatar.com\/avatar\/661ad3eaf14f9eb2bc2914165f5c9bee1dee89730913874b488f720196987943?s=96&d=wavatar&r=g"}}]}},"_links":{"self":[{"href":"https:\/\/manumana.de\/index.php\/wp-json\/wp\/v2\/pages\/1586","targetHints":{"allow":["GET"]}}],"collection":[{"href":"https:\/\/manumana.de\/index.php\/wp-json\/wp\/v2\/pages"}],"about":[{"href":"https:\/\/manumana.de\/index.php\/wp-json\/wp\/v2\/types\/page"}],"author":[{"embeddable":true,"href":"https:\/\/manumana.de\/index.php\/wp-json\/wp\/v2\/users\/2"}],"replies":[{"embeddable":true,"href":"https:\/\/manumana.de\/index.php\/wp-json\/wp\/v2\/comments?post=1586"}],"version-history":[{"count":24,"href":"https:\/\/manumana.de\/index.php\/wp-json\/wp\/v2\/pages\/1586\/revisions"}],"predecessor-version":[{"id":1834,"href":"https:\/\/manumana.de\/index.php\/wp-json\/wp\/v2\/pages\/1586\/revisions\/1834"}],"wp:attachment":[{"href":"https:\/\/manumana.de\/index.php\/wp-json\/wp\/v2\/media?parent=1586"}],"curies":[{"name":"wp","href":"https:\/\/api.w.org\/{rel}","templated":true}]}}