{"id":94,"date":"2018-12-05T17:46:21","date_gmt":"2018-12-05T16:46:21","guid":{"rendered":"https:\/\/manumana.de\/?page_id=94"},"modified":"2025-05-08T18:30:43","modified_gmt":"2025-05-08T16:30:43","slug":"craniosacrale-koerpertherapie","status":"publish","type":"page","link":"https:\/\/manumana.de\/index.php\/craniosacrale-koerpertherapie\/","title":{"rendered":"Craniosacrale K\u00f6rpertherapie"},"content":{"rendered":"<p><img decoding=\"async\" width=\"1200\" height=\"735\" class=\"alignnone size-full wp-image-1244 lazyload\" data-src=\"https:\/\/manumana.de\/wp-content\/uploads\/2019\/10\/b554aaf8-a9a3-4c7e-a30a-5abd380b51eb-e1573995446304.jpg\" alt=\"\" data-srcset=\"https:\/\/manumana.de\/wp-content\/uploads\/2019\/10\/b554aaf8-a9a3-4c7e-a30a-5abd380b51eb-e1573995446304.jpg 1200w, https:\/\/manumana.de\/wp-content\/uploads\/2019\/10\/b554aaf8-a9a3-4c7e-a30a-5abd380b51eb-e1573995446304-300x184.jpg 300w, https:\/\/manumana.de\/wp-content\/uploads\/2019\/10\/b554aaf8-a9a3-4c7e-a30a-5abd380b51eb-e1573995446304-768x470.jpg 768w, https:\/\/manumana.de\/wp-content\/uploads\/2019\/10\/b554aaf8-a9a3-4c7e-a30a-5abd380b51eb-e1573995446304-1024x627.jpg 1024w, https:\/\/manumana.de\/wp-content\/uploads\/2019\/10\/b554aaf8-a9a3-4c7e-a30a-5abd380b51eb-e1573995446304-960x588.jpg 960w\" data-sizes=\"(max-width: 1200px) 100vw, 1200px\" src=\"data:image\/svg+xml;base64,PHN2ZyB3aWR0aD0iMSIgaGVpZ2h0PSIxIiB4bWxucz0iaHR0cDovL3d3dy53My5vcmcvMjAwMC9zdmciPjwvc3ZnPg==\" style=\"--smush-placeholder-width: 1200px; --smush-placeholder-aspect-ratio: 1200\/735;\" \/><\/p>\n<p>Der Kern der CS-Therapie ist nicht die Therapie in dem Sinne, dass etwas nicht in Ordnung ist und richtig behandelt werden muss, sondern ein Weg, um mit der Ganzheit und der angeborenen Gesundheit in Kontakt zu treten. Der Therapeut unterst\u00fctzt den Prozess auf allen Ebenen, auf denen sich dieser Weg zeigt &#8211; k\u00f6rperlich, emotional, geistig und spirituell.<\/p>\n<p>Craniosacrale Therapie ist eine sehr sanfte k\u00f6rperorientierte Behandlung. Sie basiert auf der Arbeit mit dem craniosacralen Rhythmus, der durch den so genannten Liquor, den Liquor und die R\u00fcckenmarksfl\u00fcssigkeit, ausgel\u00f6st wird. Er n\u00e4hrt, bewegt und sch\u00fctzt das Nervensystem vom Kopf (Cranium) bis zum Kreuzbein.<\/p>\n<p>Der diesem Liquor innewohnende Rhythmus wird oft als &#8222;Lebensatem&#8220; bezeichnet und \u00e4hnelt den Rhythmen des Atems und des Herzschlags. Die Behandlung besteht aus sanftem K\u00f6rperkontakt, gef\u00fchrt durch empathisches Zuh\u00f6ren auf k\u00f6rperlicher und emotionaler Ebene.<\/p>\n<p>Das Verfahren<\/p>\n<p>Nach einem kurzen Vorgespr\u00e4ch strecken Sie sich bequem (in bequemer lockerer Kleidung) auf einem Massagetisch aus und legen sich f\u00fcr etwa eine Stunde vertrauensvoll in sensible H\u00e4nde. M\u00f6glicherweise bemerken Sie nur die sanften Ber\u00fchrungen (vor allem am Kopf, an der Wirbels\u00e4ule und am Kreuzbein). Die dadurch erreichte Entspannung kann jedoch sehr tief gehen und f\u00fcr viele Menschen nachhaltiger sein als z.B. eine reine Massage.<\/p>\n<p>________________________________________<\/p>\n<p>Kosten der Behandlung<\/p>\n<p>Eine Stunde Behandlung einschlie\u00dflich Beratung wird mit 90 \u20ac berechnet. Ausf\u00fchrliche Erstberatung (Anamnese) 1-2 Stunden 90 bis 180 \u20ac (Abrechnung erfolgt in 10-Minuten-Intervallen).<\/p>\n<p>Die Kosten f\u00fcr weitere Behandlungstermine h\u00e4ngen von den jeweiligen Antr\u00e4gen ab. Die Abrechnung erfolgt nach der Geb\u00fchrenordnung f\u00fcr Heilpraktiker (Geb\u00fcH). Bitte beachten Sie, dass die Bezahlung derzeit nur in bar m\u00f6glich ist.<\/p>\n<p>Wird die Behandlung von der Krankenkasse \u00fcbernommen? Bei Rechnungen zur Vorlage bei einer privaten Krankenkasse wird auch die Geb\u00fcH in Rechnung gestellt. Bitte erkundigen Sie sich vor Beginn der Behandlung bei Ihrer Krankenkasse.<\/p>\n<p>Stornogeb\u00fchr<\/p>\n<p>F\u00fcr reservierte Termine, die nicht wahrgenommen oder nicht mindestens 24 Stunden vor Beginn der Sitzung abgesagt werden, wird eine Stornogeb\u00fchr von 90 \u20ac erhoben.<\/p>\n","protected":false},"excerpt":{"rendered":"<p>Der Kern der CS-Therapie ist nicht die Therapie in dem Sinne, dass etwas nicht in Ordnung ist und richtig behandelt werden muss, sondern ein Weg, um mit der Ganzheit und der angeborenen Gesundheit in Kontakt zu treten. Der&#8230; <a class=\"read-more\" href=\"https:\/\/manumana.de\/index.php\/craniosacrale-koerpertherapie\/\">Weiterlesen<\/a><\/p>\n","protected":false},"author":2,"featured_media":0,"parent":0,"menu_order":0,"comment_status":"closed","ping_status":"closed","template":"","meta":{"footnotes":""},"class_list":["post-94","page","type-page","status-publish","hentry"],"yoast_head":"<!-- This site is optimized with the Yoast SEO plugin v27.5 - https:\/\/yoast.com\/product\/yoast-seo-wordpress\/ -->\n<title>Craniosacrale K\u00f6rpertherapie &#8211; ManuMana | time to be<\/title>\n<meta name=\"description\" content=\"Craniosacrale K\u00f6rpertherapie besteht aus tiefgehender K\u00f6rperarbeit durch sanfte Ber\u00fchrungen und f\u00fchrt damit zu nachhaltiger Entspannung.\" \/>\n<meta name=\"robots\" content=\"index, follow, max-snippet:-1, max-image-preview:large, max-video-preview:-1\" \/>\n<link rel=\"canonical\" href=\"https:\/\/manumana.de\/index.php\/craniosacrale-koerpertherapie\/\" \/>\n<meta property=\"og:locale\" content=\"de_DE\" \/>\n<meta property=\"og:type\" content=\"article\" \/>\n<meta property=\"og:title\" content=\"Craniosacrale K\u00f6rpertherapie &#8211; ManuMana | time to be\" \/>\n<meta property=\"og:description\" content=\"Craniosacrale K\u00f6rpertherapie besteht aus tiefgehender K\u00f6rperarbeit durch sanfte Ber\u00fchrungen und f\u00fchrt damit zu nachhaltiger Entspannung.\" \/>\n<meta property=\"og:url\" content=\"https:\/\/manumana.de\/index.php\/craniosacrale-koerpertherapie\/\" \/>\n<meta property=\"og:site_name\" content=\"ManuMana | time to be\" \/>\n<meta property=\"article:modified_time\" content=\"2025-05-08T16:30:43+00:00\" \/>\n<meta property=\"og:image\" content=\"https:\/\/manumana.de\/wp-content\/uploads\/2019\/10\/b554aaf8-a9a3-4c7e-a30a-5abd380b51eb-e1573995446304.jpg\" \/>\n\t<meta property=\"og:image:width\" content=\"1200\" \/>\n\t<meta property=\"og:image:height\" content=\"735\" \/>\n\t<meta property=\"og:image:type\" content=\"image\/jpeg\" \/>\n<meta name=\"twitter:card\" content=\"summary_large_image\" \/>\n<meta name=\"twitter:label1\" content=\"Gesch\u00e4tzte Lesezeit\" \/>\n\t<meta name=\"twitter:data1\" content=\"2\u00a0Minuten\" \/>\n<script type=\"application\/ld+json\" class=\"yoast-schema-graph\">{\"@context\":\"https:\\\/\\\/schema.org\",\"@graph\":[{\"@type\":\"WebPage\",\"@id\":\"https:\\\/\\\/manumana.de\\\/index.php\\\/craniosacrale-koerpertherapie\\\/\",\"url\":\"https:\\\/\\\/manumana.de\\\/index.php\\\/craniosacrale-koerpertherapie\\\/\",\"name\":\"Craniosacrale K\u00f6rpertherapie &#8211; ManuMana | time to be\",\"isPartOf\":{\"@id\":\"https:\\\/\\\/manumana.de\\\/#website\"},\"primaryImageOfPage\":{\"@id\":\"https:\\\/\\\/manumana.de\\\/index.php\\\/craniosacrale-koerpertherapie\\\/#primaryimage\"},\"image\":{\"@id\":\"https:\\\/\\\/manumana.de\\\/index.php\\\/craniosacrale-koerpertherapie\\\/#primaryimage\"},\"thumbnailUrl\":\"https:\\\/\\\/manumana.de\\\/wp-content\\\/uploads\\\/2019\\\/10\\\/b554aaf8-a9a3-4c7e-a30a-5abd380b51eb-e1573995446304.jpg\",\"datePublished\":\"2018-12-05T16:46:21+00:00\",\"dateModified\":\"2025-05-08T16:30:43+00:00\",\"description\":\"Craniosacrale K\u00f6rpertherapie besteht aus tiefgehender K\u00f6rperarbeit durch sanfte Ber\u00fchrungen und f\u00fchrt damit zu nachhaltiger Entspannung.\",\"breadcrumb\":{\"@id\":\"https:\\\/\\\/manumana.de\\\/index.php\\\/craniosacrale-koerpertherapie\\\/#breadcrumb\"},\"inLanguage\":\"de\",\"potentialAction\":[{\"@type\":\"ReadAction\",\"target\":[\"https:\\\/\\\/manumana.de\\\/index.php\\\/craniosacrale-koerpertherapie\\\/\"]}]},{\"@type\":\"ImageObject\",\"inLanguage\":\"de\",\"@id\":\"https:\\\/\\\/manumana.de\\\/index.php\\\/craniosacrale-koerpertherapie\\\/#primaryimage\",\"url\":\"https:\\\/\\\/manumana.de\\\/wp-content\\\/uploads\\\/2019\\\/10\\\/b554aaf8-a9a3-4c7e-a30a-5abd380b51eb-e1573995446304.jpg\",\"contentUrl\":\"https:\\\/\\\/manumana.de\\\/wp-content\\\/uploads\\\/2019\\\/10\\\/b554aaf8-a9a3-4c7e-a30a-5abd380b51eb-e1573995446304.jpg\",\"width\":1200,\"height\":735},{\"@type\":\"BreadcrumbList\",\"@id\":\"https:\\\/\\\/manumana.de\\\/index.php\\\/craniosacrale-koerpertherapie\\\/#breadcrumb\",\"itemListElement\":[{\"@type\":\"ListItem\",\"position\":1,\"name\":\"Startseite\",\"item\":\"https:\\\/\\\/manumana.de\\\/\"},{\"@type\":\"ListItem\",\"position\":2,\"name\":\"Craniosacrale K\u00f6rpertherapie\"}]},{\"@type\":\"WebSite\",\"@id\":\"https:\\\/\\\/manumana.de\\\/#website\",\"url\":\"https:\\\/\\\/manumana.de\\\/\",\"name\":\"ManuMana | time to be\",\"description\":\"\",\"publisher\":{\"@id\":\"https:\\\/\\\/manumana.de\\\/#\\\/schema\\\/person\\\/908ff8c8a0370036dd02c5902e448f8a\"},\"potentialAction\":[{\"@type\":\"SearchAction\",\"target\":{\"@type\":\"EntryPoint\",\"urlTemplate\":\"https:\\\/\\\/manumana.de\\\/?s={search_term_string}\"},\"query-input\":{\"@type\":\"PropertyValueSpecification\",\"valueRequired\":true,\"valueName\":\"search_term_string\"}}],\"inLanguage\":\"de\"},{\"@type\":[\"Person\",\"Organization\"],\"@id\":\"https:\\\/\\\/manumana.de\\\/#\\\/schema\\\/person\\\/908ff8c8a0370036dd02c5902e448f8a\",\"name\":\"manu\",\"image\":{\"@type\":\"ImageObject\",\"inLanguage\":\"de\",\"@id\":\"https:\\\/\\\/secure.gravatar.com\\\/avatar\\\/661ad3eaf14f9eb2bc2914165f5c9bee1dee89730913874b488f720196987943?s=96&d=wavatar&r=g\",\"url\":\"https:\\\/\\\/secure.gravatar.com\\\/avatar\\\/661ad3eaf14f9eb2bc2914165f5c9bee1dee89730913874b488f720196987943?s=96&d=wavatar&r=g\",\"contentUrl\":\"https:\\\/\\\/secure.gravatar.com\\\/avatar\\\/661ad3eaf14f9eb2bc2914165f5c9bee1dee89730913874b488f720196987943?s=96&d=wavatar&r=g\",\"caption\":\"manu\"},\"logo\":{\"@id\":\"https:\\\/\\\/secure.gravatar.com\\\/avatar\\\/661ad3eaf14f9eb2bc2914165f5c9bee1dee89730913874b488f720196987943?s=96&d=wavatar&r=g\"}}]}<\/script>\n<!-- \/ Yoast SEO plugin. -->","yoast_head_json":{"title":"Craniosacrale K\u00f6rpertherapie &#8211; ManuMana | time to be","description":"Craniosacrale K\u00f6rpertherapie besteht aus tiefgehender K\u00f6rperarbeit durch sanfte Ber\u00fchrungen und f\u00fchrt damit zu nachhaltiger Entspannung.","robots":{"index":"index","follow":"follow","max-snippet":"max-snippet:-1","max-image-preview":"max-image-preview:large","max-video-preview":"max-video-preview:-1"},"canonical":"https:\/\/manumana.de\/index.php\/craniosacrale-koerpertherapie\/","og_locale":"de_DE","og_type":"article","og_title":"Craniosacrale K\u00f6rpertherapie &#8211; ManuMana | time to be","og_description":"Craniosacrale K\u00f6rpertherapie besteht aus tiefgehender K\u00f6rperarbeit durch sanfte Ber\u00fchrungen und f\u00fchrt damit zu nachhaltiger Entspannung.","og_url":"https:\/\/manumana.de\/index.php\/craniosacrale-koerpertherapie\/","og_site_name":"ManuMana | time to be","article_modified_time":"2025-05-08T16:30:43+00:00","og_image":[{"width":1200,"height":735,"url":"https:\/\/manumana.de\/wp-content\/uploads\/2019\/10\/b554aaf8-a9a3-4c7e-a30a-5abd380b51eb-e1573995446304.jpg","type":"image\/jpeg"}],"twitter_card":"summary_large_image","twitter_misc":{"Gesch\u00e4tzte Lesezeit":"2\u00a0Minuten"},"schema":{"@context":"https:\/\/schema.org","@graph":[{"@type":"WebPage","@id":"https:\/\/manumana.de\/index.php\/craniosacrale-koerpertherapie\/","url":"https:\/\/manumana.de\/index.php\/craniosacrale-koerpertherapie\/","name":"Craniosacrale K\u00f6rpertherapie &#8211; ManuMana | time to be","isPartOf":{"@id":"https:\/\/manumana.de\/#website"},"primaryImageOfPage":{"@id":"https:\/\/manumana.de\/index.php\/craniosacrale-koerpertherapie\/#primaryimage"},"image":{"@id":"https:\/\/manumana.de\/index.php\/craniosacrale-koerpertherapie\/#primaryimage"},"thumbnailUrl":"https:\/\/manumana.de\/wp-content\/uploads\/2019\/10\/b554aaf8-a9a3-4c7e-a30a-5abd380b51eb-e1573995446304.jpg","datePublished":"2018-12-05T16:46:21+00:00","dateModified":"2025-05-08T16:30:43+00:00","description":"Craniosacrale K\u00f6rpertherapie besteht aus tiefgehender K\u00f6rperarbeit durch sanfte Ber\u00fchrungen und f\u00fchrt damit zu nachhaltiger Entspannung.","breadcrumb":{"@id":"https:\/\/manumana.de\/index.php\/craniosacrale-koerpertherapie\/#breadcrumb"},"inLanguage":"de","potentialAction":[{"@type":"ReadAction","target":["https:\/\/manumana.de\/index.php\/craniosacrale-koerpertherapie\/"]}]},{"@type":"ImageObject","inLanguage":"de","@id":"https:\/\/manumana.de\/index.php\/craniosacrale-koerpertherapie\/#primaryimage","url":"https:\/\/manumana.de\/wp-content\/uploads\/2019\/10\/b554aaf8-a9a3-4c7e-a30a-5abd380b51eb-e1573995446304.jpg","contentUrl":"https:\/\/manumana.de\/wp-content\/uploads\/2019\/10\/b554aaf8-a9a3-4c7e-a30a-5abd380b51eb-e1573995446304.jpg","width":1200,"height":735},{"@type":"BreadcrumbList","@id":"https:\/\/manumana.de\/index.php\/craniosacrale-koerpertherapie\/#breadcrumb","itemListElement":[{"@type":"ListItem","position":1,"name":"Startseite","item":"https:\/\/manumana.de\/"},{"@type":"ListItem","position":2,"name":"Craniosacrale K\u00f6rpertherapie"}]},{"@type":"WebSite","@id":"https:\/\/manumana.de\/#website","url":"https:\/\/manumana.de\/","name":"ManuMana | time to be","description":"","publisher":{"@id":"https:\/\/manumana.de\/#\/schema\/person\/908ff8c8a0370036dd02c5902e448f8a"},"potentialAction":[{"@type":"SearchAction","target":{"@type":"EntryPoint","urlTemplate":"https:\/\/manumana.de\/?s={search_term_string}"},"query-input":{"@type":"PropertyValueSpecification","valueRequired":true,"valueName":"search_term_string"}}],"inLanguage":"de"},{"@type":["Person","Organization"],"@id":"https:\/\/manumana.de\/#\/schema\/person\/908ff8c8a0370036dd02c5902e448f8a","name":"manu","image":{"@type":"ImageObject","inLanguage":"de","@id":"https:\/\/secure.gravatar.com\/avatar\/661ad3eaf14f9eb2bc2914165f5c9bee1dee89730913874b488f720196987943?s=96&d=wavatar&r=g","url":"https:\/\/secure.gravatar.com\/avatar\/661ad3eaf14f9eb2bc2914165f5c9bee1dee89730913874b488f720196987943?s=96&d=wavatar&r=g","contentUrl":"https:\/\/secure.gravatar.com\/avatar\/661ad3eaf14f9eb2bc2914165f5c9bee1dee89730913874b488f720196987943?s=96&d=wavatar&r=g","caption":"manu"},"logo":{"@id":"https:\/\/secure.gravatar.com\/avatar\/661ad3eaf14f9eb2bc2914165f5c9bee1dee89730913874b488f720196987943?s=96&d=wavatar&r=g"}}]}},"_links":{"self":[{"href":"https:\/\/manumana.de\/index.php\/wp-json\/wp\/v2\/pages\/94","targetHints":{"allow":["GET"]}}],"collection":[{"href":"https:\/\/manumana.de\/index.php\/wp-json\/wp\/v2\/pages"}],"about":[{"href":"https:\/\/manumana.de\/index.php\/wp-json\/wp\/v2\/types\/page"}],"author":[{"embeddable":true,"href":"https:\/\/manumana.de\/index.php\/wp-json\/wp\/v2\/users\/2"}],"replies":[{"embeddable":true,"href":"https:\/\/manumana.de\/index.php\/wp-json\/wp\/v2\/comments?post=94"}],"version-history":[{"count":60,"href":"https:\/\/manumana.de\/index.php\/wp-json\/wp\/v2\/pages\/94\/revisions"}],"predecessor-version":[{"id":1711,"href":"https:\/\/manumana.de\/index.php\/wp-json\/wp\/v2\/pages\/94\/revisions\/1711"}],"wp:attachment":[{"href":"https:\/\/manumana.de\/index.php\/wp-json\/wp\/v2\/media?parent=94"}],"curies":[{"name":"wp","href":"https:\/\/api.w.org\/{rel}","templated":true}]}}